{"id":3197,"date":"2018-11-12T09:06:46","date_gmt":"2018-11-12T09:06:46","guid":{"rendered":"https:\/\/vpin-shop.com\/?post_type=product&#038;p=3197"},"modified":"2024-08-03T06:47:40","modified_gmt":"2024-08-03T06:47:40","slug":"bausatz-holzzuschnitt-mvpin","status":"publish","type":"product","link":"https:\/\/www.vpin-shop.com\/home\/vpinshop\/cabinet-zubehoer\/holzbausatz\/bausatz-holzzuschnitt-mvpin\/","title":{"rendered":"Bausatz Holzzuschnitt mVPIN"},"content":{"rendered":"<p>Holzzuschnitt f\u00fcr einen mini Flipper als Tischger\u00e4t (mVPIN).<\/p>\n<p>Ausgelegt ist der mVPIN f\u00fcr eine Playfieldgr\u00f6\u00dfe von 27&#8243; und einer Backboxgr\u00f6\u00dfe von 21,5&#8243;.<\/p>\n<p>F\u00fcr das Playfield nehme ich aktuell: LG Electronics 27UD58-B<\/p>\n<p>und f\u00fcr die Backbox: iiyama ProLite X2283HS-B3<\/p>\n<p>Das Geh\u00e4use wird lediglich mit Holzleim geklebt und mittel beiligender D\u00fcbel verbunden.<\/p>\n<p>Das Set beinhaltet den Holzzuschnitt aus Birke Multiplex, die D\u00fcbel, sowie die zwei Plexiglasscheiben f\u00fcr<\/p>\n<p>Playfield (einseitig kratzfest) und der Backbox.<\/p>\n<p>&nbsp;<\/p>\n<p><iframe loading=\"lazy\" title=\"VPIN-Shop plays &quot;Stranger Things - stranger edition&quot; on the mVPIN\" width=\"640\" height=\"360\" src=\"https:\/\/www.youtube.com\/embed\/IXgbMQZEGpE?feature=oembed\" frameborder=\"0\" allow=\"accelerometer; autoplay; clipboard-write; encrypted-media; gyroscope; picture-in-picture; web-share\" referrerpolicy=\"strict-origin-when-cross-origin\" allowfullscreen><\/iframe><\/p>\n<p>&nbsp;<\/p>\n<p>&nbsp;<\/p>\n<p>&nbsp;<\/p>\n","protected":false},"excerpt":{"rendered":"<p class=\"card-text\">Holzzuschnitt f\u00fcr einen mini Flipper als Tischger\u00e4t (mVPIN). Ausgelegt ist der mVPIN f\u00fcr eine Playfieldgr\u00f6\u00dfe von 27&#8243; und einer Backboxgr\u00f6\u00dfe von 21,5&#8243;. F\u00fcr das Playfield nehme ich aktuell: LG Electronics 27UD58-B und f\u00fcr die Backbox: iiyama ProLite X2283HS-B3 Das Geh\u00e4use wird lediglich mit Holzleim geklebt und mittel beiligender D\u00fcbel verbunden. Das Set beinhaltet den Holzzuschnitt [&#8230;]<\/p>\n<p class=\"m-0\"><a class=\"btn btn-outline-secondary btn-read-more\" href=\"https:\/\/www.vpin-shop.com\/home\/vpinshop\/cabinet-zubehoer\/holzbausatz\/bausatz-holzzuschnitt-mvpin\/\">Read More<\/a><\/p>\n","protected":false},"featured_media":4265,"comment_status":"open","ping_status":"closed","template":"","meta":[],"product_brand":[],"product_cat":[26],"product_tag":[],"class_list":{"0":"post-3197","1":"product","2":"type-product","3":"status-publish","4":"has-post-thumbnail","6":"product_cat-holzbausatz","7":"product_shipping_class-ab-20kg","9":"first","10":"outofstock","11":"taxable","12":"shipping-taxable","13":"purchasable","14":"product-type-simple"},"_links":{"self":[{"href":"https:\/\/www.vpin-shop.com\/home\/wp-json\/wp\/v2\/product\/3197","targetHints":{"allow":["GET"]}}],"collection":[{"href":"https:\/\/www.vpin-shop.com\/home\/wp-json\/wp\/v2\/product"}],"about":[{"href":"https:\/\/www.vpin-shop.com\/home\/wp-json\/wp\/v2\/types\/product"}],"replies":[{"embeddable":true,"href":"https:\/\/www.vpin-shop.com\/home\/wp-json\/wp\/v2\/comments?post=3197"}],"wp:featuredmedia":[{"embeddable":true,"href":"https:\/\/www.vpin-shop.com\/home\/wp-json\/wp\/v2\/media\/4265"}],"wp:attachment":[{"href":"https:\/\/www.vpin-shop.com\/home\/wp-json\/wp\/v2\/media?parent=3197"}],"wp:term":[{"taxonomy":"product_brand","embeddable":true,"href":"https:\/\/www.vpin-shop.com\/home\/wp-json\/wp\/v2\/product_brand?post=3197"},{"taxonomy":"product_cat","embeddable":true,"href":"https:\/\/www.vpin-shop.com\/home\/wp-json\/wp\/v2\/product_cat?post=3197"},{"taxonomy":"product_tag","embeddable":true,"href":"https:\/\/www.vpin-shop.com\/home\/wp-json\/wp\/v2\/product_tag?post=3197"}],"curies":[{"name":"wp","href":"https:\/\/api.w.org\/{rel}","templated":true}]}}