{"id":2742,"date":"2018-04-05T11:25:58","date_gmt":"2018-04-05T11:25:58","guid":{"rendered":"http:\/\/vpin-shop.com\/?post_type=product&#038;p=2742"},"modified":"2020-11-06T12:13:48","modified_gmt":"2020-11-06T12:13:48","slug":"t-shirt","status":"publish","type":"product","link":"https:\/\/www.vpin-shop.com\/home\/vpinshop\/merchandising\/t-shirt\/","title":{"rendered":"T-Shirt"},"content":{"rendered":"<p>Das B&amp;C Exact 190 ist ein Basic T-Shirt mit geradem Schnitt und dem Rundhalsauschnitt \u00fcberzeugt es auf ganzer Linie.<\/p>\n<p>Dieses T-Shirt gibt es in vielen Farben und ist in Gr\u00f6\u00dfen bis 3XL (Schwarz und Navy) erh\u00e4ltlich.<\/p>\n<p>Das Shirt wurde unter Fairwear bedingungen hergestellt.<\/p>\n<p>Material:<\/p>\n<p>\u2022 Passform: normal<br \/>\n\u2022 Einlaufvorbehandelte 100% Baumwolle<br \/>\n\u2022 Nackenband<br \/>\n\u2022 Stoffqualit\u00e4t: 190 g\/m\u00b2<\/p>\n<div class=\"sizetable-img\">\n<div class=\"wrap\">\n<div class=\"shirt\"><img decoding=\"async\" src=\"https:\/\/api1.shirtplatform.com\/webservices\/rest\/public\/coolPhoto\/22?width=117&amp;height=142\" alt=\"Product Sizes\" \/><\/div>\n<\/div>\n<\/div>\n<div class=\"sizetable\">\n<p>&nbsp;<\/p>\n<table style=\"height: 94px;\" width=\"187\">\n<tbody>\n<tr>\n<th>S<\/th>\n<th>M<\/th>\n<th>L<\/th>\n<th>XL<\/th>\n<th>XXL<\/th>\n<th>3XL<\/th>\n<\/tr>\n<tr>\n<td><span style=\"color: #00ccff;\">70<\/span><\/td>\n<td><span style=\"color: #00ccff;\">73<\/span><\/td>\n<td><span style=\"color: #00ccff;\">74<\/span><\/td>\n<td><span style=\"color: #00ccff;\">75<\/span><\/td>\n<td><span style=\"color: #00ccff;\">78<\/span><\/td>\n<td><span style=\"color: #00ccff;\">81<\/span><\/td>\n<\/tr>\n<tr>\n<td><span style=\"color: #0000ff;\">50<\/span><\/td>\n<td><span style=\"color: #0000ff;\">54<\/span><\/td>\n<td><span style=\"color: #0000ff;\">55<\/span><\/td>\n<td><span style=\"color: #0000ff;\">59<\/span><\/td>\n<td><span style=\"color: #0000ff;\">61<\/span><\/td>\n<td><span style=\"color: #0000ff;\">66<\/span><\/td>\n<\/tr>\n<\/tbody>\n<\/table>\n<div class=\"lange\">\n<div class=\"item\">\n<div class=\"label\"><span style=\"color: #00ccff;\">L\u00e4nge in cm<\/span><\/div>\n<\/div>\n<div class=\"item\">\n<div class=\"bullet\"><span style=\"color: #0000ff;\">Breite in cm<\/span><\/div>\n<\/div>\n<\/div>\n<\/div>\n<p>&nbsp;<\/p>\n","protected":false},"excerpt":{"rendered":"<p class=\"card-text\">Das B&amp;C Exact 190 ist ein Basic T-Shirt mit geradem Schnitt und dem Rundhalsauschnitt \u00fcberzeugt es auf ganzer Linie. Dieses T-Shirt gibt es in vielen Farben und ist in Gr\u00f6\u00dfen bis 3XL (Schwarz und Navy) erh\u00e4ltlich. Das Shirt wurde unter Fairwear bedingungen hergestellt. Material: \u2022 Passform: normal \u2022 Einlaufvorbehandelte 100% Baumwolle \u2022 Nackenband \u2022 Stoffqualit\u00e4t: [&#8230;]<\/p>\n<p class=\"m-0\"><a class=\"btn btn-outline-secondary btn-read-more\" href=\"https:\/\/www.vpin-shop.com\/home\/vpinshop\/merchandising\/t-shirt\/\">Read More<\/a><\/p>\n","protected":false},"featured_media":2737,"comment_status":"open","ping_status":"closed","template":"","meta":[],"product_brand":[],"product_cat":[89],"product_tag":[],"class_list":{"0":"post-2742","1":"product","2":"type-product","3":"status-publish","4":"has-post-thumbnail","6":"product_cat-merchandising","7":"product_shipping_class-kleiner-2kg","9":"first","10":"instock","11":"taxable","12":"shipping-taxable","13":"purchasable","14":"product-type-variable"},"_links":{"self":[{"href":"https:\/\/www.vpin-shop.com\/home\/wp-json\/wp\/v2\/product\/2742","targetHints":{"allow":["GET"]}}],"collection":[{"href":"https:\/\/www.vpin-shop.com\/home\/wp-json\/wp\/v2\/product"}],"about":[{"href":"https:\/\/www.vpin-shop.com\/home\/wp-json\/wp\/v2\/types\/product"}],"replies":[{"embeddable":true,"href":"https:\/\/www.vpin-shop.com\/home\/wp-json\/wp\/v2\/comments?post=2742"}],"wp:featuredmedia":[{"embeddable":true,"href":"https:\/\/www.vpin-shop.com\/home\/wp-json\/wp\/v2\/media\/2737"}],"wp:attachment":[{"href":"https:\/\/www.vpin-shop.com\/home\/wp-json\/wp\/v2\/media?parent=2742"}],"wp:term":[{"taxonomy":"product_brand","embeddable":true,"href":"https:\/\/www.vpin-shop.com\/home\/wp-json\/wp\/v2\/product_brand?post=2742"},{"taxonomy":"product_cat","embeddable":true,"href":"https:\/\/www.vpin-shop.com\/home\/wp-json\/wp\/v2\/product_cat?post=2742"},{"taxonomy":"product_tag","embeddable":true,"href":"https:\/\/www.vpin-shop.com\/home\/wp-json\/wp\/v2\/product_tag?post=2742"}],"curies":[{"name":"wp","href":"https:\/\/api.w.org\/{rel}","templated":true}]}}