{"id":2675,"date":"2018-04-04T09:33:02","date_gmt":"2018-04-04T09:33:02","guid":{"rendered":"http:\/\/vpin-shop.com\/?post_type=product&#038;p=2675"},"modified":"2024-11-18T09:17:40","modified_gmt":"2024-11-18T09:17:40","slug":"rgb-stripe-5m","status":"publish","type":"product","link":"https:\/\/www.vpin-shop.com\/home\/vpinshop\/toys\/leds\/rgb-stripe-5m\/","title":{"rendered":"RGB Stripe 5m"},"content":{"rendered":"<p>&nbsp;<\/p>\n<p>Mit dieser RGB Stripe k\u00f6nnen Sie wundersch\u00f6ne Undercab Beleuchtungen kreieren.<\/p>\n<p>Der Anschlu\u00df erfolgt ganz normal an einen unserer Controller (ausgenommen der Teensy Controller).<\/p>\n<p>PCB Farbe: schwarz<\/p>\n<p>Anzahl der Leds \/ m: 30\u00a0Stk<\/p>\n<p>max. Leistung pro m: 3,6W<\/p>\n<p>ben\u00f6tigte Versorgungsspannung: 12V<\/p>\n<p>Abstand der LEDs zueinander: ca. 34mm<\/p>\n<p><iframe loading=\"lazy\" title=\"VPIN-shop presents &quot;Back to the future&quot; virtual pinball\" width=\"640\" height=\"360\" src=\"https:\/\/www.youtube.com\/embed\/Ibdb2FgV10U?feature=oembed\" frameborder=\"0\" allow=\"accelerometer; autoplay; clipboard-write; encrypted-media; gyroscope; picture-in-picture; web-share\" referrerpolicy=\"strict-origin-when-cross-origin\" allowfullscreen><\/iframe><\/p>\n<p>Datenblatt:\u00a0<a href=\"https:\/\/de.paulmann.com\/innenleuchten\/led-stripes\/yourled-eco\/yourled-eco-stripe-5-m-rgb-schwarz\/70253\">hier<\/a><\/p>\n","protected":false},"excerpt":{"rendered":"<p class=\"card-text\">&nbsp; Mit dieser RGB Stripe k\u00f6nnen Sie wundersch\u00f6ne Undercab Beleuchtungen kreieren. Der Anschlu\u00df erfolgt ganz normal an einen unserer Controller (ausgenommen der Teensy Controller). PCB Farbe: schwarz Anzahl der Leds \/ m: 30\u00a0Stk max. Leistung pro m: 3,6W ben\u00f6tigte Versorgungsspannung: 12V Abstand der LEDs zueinander: ca. 34mm Datenblatt:\u00a0hier [&#8230;]<\/p>\n<p class=\"m-0\"><a class=\"btn btn-outline-secondary btn-read-more\" href=\"https:\/\/www.vpin-shop.com\/home\/vpinshop\/toys\/leds\/rgb-stripe-5m\/\">Read More<\/a><\/p>\n","protected":false},"featured_media":2676,"comment_status":"open","ping_status":"closed","template":"","meta":[],"product_brand":[],"product_cat":[34],"product_tag":[],"class_list":{"0":"post-2675","1":"product","2":"type-product","3":"status-publish","4":"has-post-thumbnail","6":"product_cat-leds","7":"product_shipping_class-kleiner-2kg","9":"first","10":"instock","11":"taxable","12":"shipping-taxable","13":"purchasable","14":"product-type-simple"},"_links":{"self":[{"href":"https:\/\/www.vpin-shop.com\/home\/wp-json\/wp\/v2\/product\/2675","targetHints":{"allow":["GET"]}}],"collection":[{"href":"https:\/\/www.vpin-shop.com\/home\/wp-json\/wp\/v2\/product"}],"about":[{"href":"https:\/\/www.vpin-shop.com\/home\/wp-json\/wp\/v2\/types\/product"}],"replies":[{"embeddable":true,"href":"https:\/\/www.vpin-shop.com\/home\/wp-json\/wp\/v2\/comments?post=2675"}],"wp:featuredmedia":[{"embeddable":true,"href":"https:\/\/www.vpin-shop.com\/home\/wp-json\/wp\/v2\/media\/2676"}],"wp:attachment":[{"href":"https:\/\/www.vpin-shop.com\/home\/wp-json\/wp\/v2\/media?parent=2675"}],"wp:term":[{"taxonomy":"product_brand","embeddable":true,"href":"https:\/\/www.vpin-shop.com\/home\/wp-json\/wp\/v2\/product_brand?post=2675"},{"taxonomy":"product_cat","embeddable":true,"href":"https:\/\/www.vpin-shop.com\/home\/wp-json\/wp\/v2\/product_cat?post=2675"},{"taxonomy":"product_tag","embeddable":true,"href":"https:\/\/www.vpin-shop.com\/home\/wp-json\/wp\/v2\/product_tag?post=2675"}],"curies":[{"name":"wp","href":"https:\/\/api.w.org\/{rel}","templated":true}]}}