{"id":2669,"date":"2018-04-04T09:24:26","date_gmt":"2018-04-04T09:24:26","guid":{"rendered":"http:\/\/vpin-shop.com\/?post_type=product&#038;p=2669"},"modified":"2026-01-19T17:15:55","modified_gmt":"2026-01-19T17:15:55","slug":"addressable-rgb-stripe-controller","status":"publish","type":"product","link":"https:\/\/www.vpin-shop.com\/home\/vpinshop\/toys\/controller\/addressable-rgb-stripe-controller\/","title":{"rendered":"addressable RGB Stripe Controller"},"content":{"rendered":"<p>Mit diesem Controller k\u00f6nnen Sie die bei uns erh\u00e4ltlichen addressable RGB Stripes anschlie\u00dfen und betreiben.<\/p>\n<p>Durch die addressierbaren LEDs k\u00f6nnen sehr sch\u00f6ne Effekte rund um das Spielfeld erzeugt werden und steigert so<\/p>\n<p>die Spielfreude um einiges mehr.<\/p>\n<p>Der Controller kommt vorkonfiguriert.<\/p>\n<p>Inhalt:<\/p>\n<p>&#8211; Controller<\/p>\n<p>&#8211; Adapter-Board<\/p>\n<p>&#8211; USB-Kabel 1,8m<\/p>\n<p>&#8211; Platinenf\u00fc\u00dfe<\/p>\n<p>&nbsp;<\/p>\n<p>Download VPIN-shop driver CD:<\/p>\n<p><a href=\"https:\/\/www.dropbox.com\/scl\/fi\/yylh12vzf0d7pc00rlwvr\/VPIN-shop-Driver-CD.zip?rlkey=26tdz2u8odws4q14cdqizj93m&amp;dl=0\">hier<\/a><\/p>\n<p>&nbsp;<\/p>\n<p><iframe loading=\"lazy\" title=\"VPIN-shop presents &quot;HOW addressable RGB stripes looks DOF controlled&quot;\" width=\"640\" height=\"360\" src=\"https:\/\/www.youtube.com\/embed\/t5DiUZYyuTg?feature=oembed\" frameborder=\"0\" allow=\"accelerometer; autoplay; clipboard-write; encrypted-media; gyroscope; picture-in-picture; web-share\" referrerpolicy=\"strict-origin-when-cross-origin\" allowfullscreen><\/iframe><\/p>\n","protected":false},"excerpt":{"rendered":"<p class=\"card-text\">Mit diesem Controller k\u00f6nnen Sie die bei uns erh\u00e4ltlichen addressable RGB Stripes anschlie\u00dfen und betreiben. Durch die addressierbaren LEDs k\u00f6nnen sehr sch\u00f6ne Effekte rund um das Spielfeld erzeugt werden und steigert so die Spielfreude um einiges mehr. Der Controller kommt vorkonfiguriert. Inhalt: &#8211; Controller &#8211; Adapter-Board &#8211; USB-Kabel 1,8m &#8211; Platinenf\u00fc\u00dfe &nbsp; Download VPIN-shop driver [&#8230;]<\/p>\n<p class=\"m-0\"><a class=\"btn btn-outline-secondary btn-read-more\" href=\"https:\/\/www.vpin-shop.com\/home\/vpinshop\/toys\/controller\/addressable-rgb-stripe-controller\/\">Read More<\/a><\/p>\n","protected":false},"featured_media":2673,"comment_status":"open","ping_status":"closed","template":"","meta":[],"product_brand":[],"product_cat":[30,34],"product_tag":[],"class_list":{"0":"post-2669","1":"product","2":"type-product","3":"status-publish","4":"has-post-thumbnail","6":"product_cat-controller","7":"product_cat-leds","8":"product_shipping_class-kleiner-2kg","10":"first","11":"instock","12":"taxable","13":"shipping-taxable","14":"purchasable","15":"product-type-simple"},"_links":{"self":[{"href":"https:\/\/www.vpin-shop.com\/home\/wp-json\/wp\/v2\/product\/2669","targetHints":{"allow":["GET"]}}],"collection":[{"href":"https:\/\/www.vpin-shop.com\/home\/wp-json\/wp\/v2\/product"}],"about":[{"href":"https:\/\/www.vpin-shop.com\/home\/wp-json\/wp\/v2\/types\/product"}],"replies":[{"embeddable":true,"href":"https:\/\/www.vpin-shop.com\/home\/wp-json\/wp\/v2\/comments?post=2669"}],"wp:featuredmedia":[{"embeddable":true,"href":"https:\/\/www.vpin-shop.com\/home\/wp-json\/wp\/v2\/media\/2673"}],"wp:attachment":[{"href":"https:\/\/www.vpin-shop.com\/home\/wp-json\/wp\/v2\/media?parent=2669"}],"wp:term":[{"taxonomy":"product_brand","embeddable":true,"href":"https:\/\/www.vpin-shop.com\/home\/wp-json\/wp\/v2\/product_brand?post=2669"},{"taxonomy":"product_cat","embeddable":true,"href":"https:\/\/www.vpin-shop.com\/home\/wp-json\/wp\/v2\/product_cat?post=2669"},{"taxonomy":"product_tag","embeddable":true,"href":"https:\/\/www.vpin-shop.com\/home\/wp-json\/wp\/v2\/product_tag?post=2669"}],"curies":[{"name":"wp","href":"https:\/\/api.w.org\/{rel}","templated":true}]}}