{"id":2666,"date":"2018-04-04T09:15:35","date_gmt":"2018-04-04T09:15:35","guid":{"rendered":"http:\/\/vpin-shop.com\/?post_type=product&#038;p=2666"},"modified":"2025-09-20T08:17:55","modified_gmt":"2025-09-20T08:17:55","slug":"addressable-rgb-stripe-1m","status":"publish","type":"product","link":"https:\/\/www.vpin-shop.com\/home\/vpinshop\/toys\/leds\/addressable-rgb-stripe-1m\/","title":{"rendered":"addressable RGB Stripe 1m"},"content":{"rendered":"<p>\u00dcber den von uns angebotenen Teensy Controller k\u00f6nnen Sie die hier aufgef\u00fchrte RGB Stripe anschlie\u00dfen und betreiben.<\/p>\n<p>PCB Farbe: schwarz<\/p>\n<p>Anzahl der Leds \/ m: 60 Stk oder 144 Stk.<\/p>\n<p>max. Leistung pro m: 18W \/ 43W<\/p>\n<p>ben\u00f6tigte Versorgungsspannung: 5V<\/p>\n<p>Abstand der LEDs zueinander: ca. 17mm \/ 7,5mm<\/p>\n<p>Inkl. Anschlussleitung<\/p>\n<p><span style=\"color: #ff0000;\"><strong>Wenn Sie wollen, k\u00f6nnen wir Ihnen auch ganz individuell, auf Ihren VPIN zugeschnitten, eine fertige Plug-and-Play L\u00f6sung anfertigen.<\/strong><\/span><\/p>\n<p><strong>Einfach uns hierzu kontaktieren<\/strong>.<\/p>\n<p><iframe loading=\"lazy\" title=\"VPIN-shop presents &quot;HOW WE DO TEST our addressable RGB Stripes&quot;\" width=\"640\" height=\"360\" src=\"https:\/\/www.youtube.com\/embed\/zLZxTTo_YvA?feature=oembed\" frameborder=\"0\" allow=\"accelerometer; autoplay; clipboard-write; encrypted-media; gyroscope; picture-in-picture; web-share\" referrerpolicy=\"strict-origin-when-cross-origin\" allowfullscreen><\/iframe><\/p>\n<p><iframe loading=\"lazy\" title=\"VPIN-shop presents &quot;HOW addressable RGB stripes looks DOF controlled&quot;\" width=\"640\" height=\"360\" src=\"https:\/\/www.youtube.com\/embed\/t5DiUZYyuTg?feature=oembed\" frameborder=\"0\" allow=\"accelerometer; autoplay; clipboard-write; encrypted-media; gyroscope; picture-in-picture; web-share\" referrerpolicy=\"strict-origin-when-cross-origin\" allowfullscreen><\/iframe><\/p>\n<div style=\"width: 640px;\" class=\"wp-video\"><video class=\"wp-video-shortcode\" id=\"video-2666-1\" width=\"640\" height=\"1138\" preload=\"metadata\" controls=\"controls\"><source type=\"video\/mp4\" src=\"https:\/\/vpin-shop.com\/wp-content\/uploads\/2018\/04\/video-1534493207.mp4?_=1\" \/><a href=\"https:\/\/vpin-shop.com\/wp-content\/uploads\/2018\/04\/video-1534493207.mp4\">https:\/\/vpin-shop.com\/wp-content\/uploads\/2018\/04\/video-1534493207.mp4<\/a><\/video><\/div>\n","protected":false},"excerpt":{"rendered":"<p class=\"card-text\">\u00dcber den von uns angebotenen Teensy Controller k\u00f6nnen Sie die hier aufgef\u00fchrte RGB Stripe anschlie\u00dfen und betreiben. PCB Farbe: schwarz Anzahl der Leds \/ m: 60 Stk oder 144 Stk. max. Leistung pro m: 18W \/ 43W ben\u00f6tigte Versorgungsspannung: 5V Abstand der LEDs zueinander: ca. 17mm \/ 7,5mm Inkl. Anschlussleitung Wenn Sie wollen, k\u00f6nnen wir [&#8230;]<\/p>\n<p class=\"m-0\"><a class=\"btn btn-outline-secondary btn-read-more\" href=\"https:\/\/www.vpin-shop.com\/home\/vpinshop\/toys\/leds\/addressable-rgb-stripe-1m\/\">Read More<\/a><\/p>\n","protected":false},"featured_media":2667,"comment_status":"open","ping_status":"closed","template":"","meta":[],"product_brand":[],"product_cat":[34],"product_tag":[],"class_list":{"0":"post-2666","1":"product","2":"type-product","3":"status-publish","4":"has-post-thumbnail","6":"product_cat-leds","7":"product_shipping_class-kleiner-2kg","9":"first","10":"instock","11":"taxable","12":"shipping-taxable","13":"purchasable","14":"product-type-variable"},"_links":{"self":[{"href":"https:\/\/www.vpin-shop.com\/home\/wp-json\/wp\/v2\/product\/2666","targetHints":{"allow":["GET"]}}],"collection":[{"href":"https:\/\/www.vpin-shop.com\/home\/wp-json\/wp\/v2\/product"}],"about":[{"href":"https:\/\/www.vpin-shop.com\/home\/wp-json\/wp\/v2\/types\/product"}],"replies":[{"embeddable":true,"href":"https:\/\/www.vpin-shop.com\/home\/wp-json\/wp\/v2\/comments?post=2666"}],"wp:featuredmedia":[{"embeddable":true,"href":"https:\/\/www.vpin-shop.com\/home\/wp-json\/wp\/v2\/media\/2667"}],"wp:attachment":[{"href":"https:\/\/www.vpin-shop.com\/home\/wp-json\/wp\/v2\/media?parent=2666"}],"wp:term":[{"taxonomy":"product_brand","embeddable":true,"href":"https:\/\/www.vpin-shop.com\/home\/wp-json\/wp\/v2\/product_brand?post=2666"},{"taxonomy":"product_cat","embeddable":true,"href":"https:\/\/www.vpin-shop.com\/home\/wp-json\/wp\/v2\/product_cat?post=2666"},{"taxonomy":"product_tag","embeddable":true,"href":"https:\/\/www.vpin-shop.com\/home\/wp-json\/wp\/v2\/product_tag?post=2666"}],"curies":[{"name":"wp","href":"https:\/\/api.w.org\/{rel}","templated":true}]}}