{"id":2434,"date":"2017-08-17T17:29:08","date_gmt":"2017-08-17T17:29:08","guid":{"rendered":"http:\/\/vpin-shop.com\/?post_type=product&#038;p=2434"},"modified":"2025-04-04T11:45:57","modified_gmt":"2025-04-04T11:45:57","slug":"flachsteckhuelse-63-x-08-rot-25-stk","status":"publish","type":"product","link":"https:\/\/www.vpin-shop.com\/home\/vpinshop\/zubehoer\/verkabelung\/flachsteckhuelse-63-x-08-rot-25-stk\/","title":{"rendered":"Flachsteckh\u00fclse 6,3 x 0,8 rot 25 Stk."},"content":{"rendered":"<p>Flachsteckh\u00fclse 6,3 x 0,8 rot 25 St\u00fcck.<\/p>\n","protected":false},"excerpt":{"rendered":"<p class=\"card-text\">Flachsteckh\u00fclse 6,3 x 0,8 rot 25 St\u00fcck. [&#8230;]<\/p>\n<p class=\"m-0\"><a class=\"btn btn-outline-secondary btn-read-more\" href=\"https:\/\/www.vpin-shop.com\/home\/vpinshop\/zubehoer\/verkabelung\/flachsteckhuelse-63-x-08-rot-25-stk\/\">Read More<\/a><\/p>\n","protected":false},"featured_media":4152,"comment_status":"open","ping_status":"closed","template":"","meta":[],"product_brand":[],"product_cat":[39,43],"product_tag":[],"class_list":{"0":"post-2434","1":"product","2":"type-product","3":"status-publish","4":"has-post-thumbnail","6":"product_cat-verkabelung","7":"product_cat-zubehoer","8":"product_shipping_class-kleiner-2kg","10":"first","11":"instock","12":"taxable","13":"shipping-taxable","14":"purchasable","15":"product-type-simple"},"_links":{"self":[{"href":"https:\/\/www.vpin-shop.com\/home\/wp-json\/wp\/v2\/product\/2434","targetHints":{"allow":["GET"]}}],"collection":[{"href":"https:\/\/www.vpin-shop.com\/home\/wp-json\/wp\/v2\/product"}],"about":[{"href":"https:\/\/www.vpin-shop.com\/home\/wp-json\/wp\/v2\/types\/product"}],"replies":[{"embeddable":true,"href":"https:\/\/www.vpin-shop.com\/home\/wp-json\/wp\/v2\/comments?post=2434"}],"wp:featuredmedia":[{"embeddable":true,"href":"https:\/\/www.vpin-shop.com\/home\/wp-json\/wp\/v2\/media\/4152"}],"wp:attachment":[{"href":"https:\/\/www.vpin-shop.com\/home\/wp-json\/wp\/v2\/media?parent=2434"}],"wp:term":[{"taxonomy":"product_brand","embeddable":true,"href":"https:\/\/www.vpin-shop.com\/home\/wp-json\/wp\/v2\/product_brand?post=2434"},{"taxonomy":"product_cat","embeddable":true,"href":"https:\/\/www.vpin-shop.com\/home\/wp-json\/wp\/v2\/product_cat?post=2434"},{"taxonomy":"product_tag","embeddable":true,"href":"https:\/\/www.vpin-shop.com\/home\/wp-json\/wp\/v2\/product_tag?post=2434"}],"curies":[{"name":"wp","href":"https:\/\/api.w.org\/{rel}","templated":true}]}}