{"id":2420,"date":"2017-08-17T14:45:37","date_gmt":"2017-08-17T14:45:37","guid":{"rendered":"http:\/\/vpin-shop.com\/?post_type=product&#038;p=2420"},"modified":"2020-11-29T01:02:54","modified_gmt":"2020-11-29T01:02:54","slug":"flipper-button-set-rot","status":"publish","type":"product","link":"https:\/\/www.vpin-shop.com\/home\/vpinshop\/cabinet-zubehoer\/taster\/flipper-button-set-rot\/","title":{"rendered":"Flipper Button Set mit LeafSwitch rot"},"content":{"rendered":"<p>Flipper Button Set mit Leafe-Switch<\/p>\n<p>bestehend aus:<\/p>\n<p>2 St\u00fcck Flipper Buttons rot<\/p>\n<p>2 St\u00fcck Flipper Button Mutter<\/p>\n<p>2 St\u00fcck Leafe-Switch<\/p>\n","protected":false},"excerpt":{"rendered":"<p class=\"card-text\">Flipper Button Set mit Leafe-Switch bestehend aus: 2 St\u00fcck Flipper Buttons rot 2 St\u00fcck Flipper Button Mutter 2 St\u00fcck Leafe-Switch [&#8230;]<\/p>\n<p class=\"m-0\"><a class=\"btn btn-outline-secondary btn-read-more\" href=\"https:\/\/www.vpin-shop.com\/home\/vpinshop\/cabinet-zubehoer\/taster\/flipper-button-set-rot\/\">Read More<\/a><\/p>\n","protected":false},"featured_media":4103,"comment_status":"open","ping_status":"closed","template":"","meta":[],"product_brand":[],"product_cat":[31,24],"product_tag":[],"class_list":{"0":"post-2420","1":"product","2":"type-product","3":"status-publish","4":"has-post-thumbnail","6":"product_cat-taster","7":"product_cat-toys","8":"product_shipping_class-kleiner-2kg","10":"first","11":"outofstock","12":"taxable","13":"shipping-taxable","14":"purchasable","15":"product-type-simple"},"_links":{"self":[{"href":"https:\/\/www.vpin-shop.com\/home\/wp-json\/wp\/v2\/product\/2420","targetHints":{"allow":["GET"]}}],"collection":[{"href":"https:\/\/www.vpin-shop.com\/home\/wp-json\/wp\/v2\/product"}],"about":[{"href":"https:\/\/www.vpin-shop.com\/home\/wp-json\/wp\/v2\/types\/product"}],"replies":[{"embeddable":true,"href":"https:\/\/www.vpin-shop.com\/home\/wp-json\/wp\/v2\/comments?post=2420"}],"wp:featuredmedia":[{"embeddable":true,"href":"https:\/\/www.vpin-shop.com\/home\/wp-json\/wp\/v2\/media\/4103"}],"wp:attachment":[{"href":"https:\/\/www.vpin-shop.com\/home\/wp-json\/wp\/v2\/media?parent=2420"}],"wp:term":[{"taxonomy":"product_brand","embeddable":true,"href":"https:\/\/www.vpin-shop.com\/home\/wp-json\/wp\/v2\/product_brand?post=2420"},{"taxonomy":"product_cat","embeddable":true,"href":"https:\/\/www.vpin-shop.com\/home\/wp-json\/wp\/v2\/product_cat?post=2420"},{"taxonomy":"product_tag","embeddable":true,"href":"https:\/\/www.vpin-shop.com\/home\/wp-json\/wp\/v2\/product_tag?post=2420"}],"curies":[{"name":"wp","href":"https:\/\/api.w.org\/{rel}","templated":true}]}}