{"id":2418,"date":"2017-08-17T14:44:14","date_gmt":"2017-08-17T14:44:14","guid":{"rendered":"http:\/\/vpin-shop.com\/?post_type=product&#038;p=2418"},"modified":"2021-01-14T11:51:24","modified_gmt":"2021-01-14T11:51:24","slug":"flipper-button-mit-leafswitch-gelb","status":"publish","type":"product","link":"https:\/\/www.vpin-shop.com\/home\/vpinshop\/cabinet-zubehoer\/taster\/flipper-button-mit-leafswitch-gelb\/","title":{"rendered":"Flipper Button Set mit LeafSwitch gelb"},"content":{"rendered":"<p>Flipper Button Set mit Leafe-Switch<\/p>\n<p>bestehend aus:<\/p>\n<p>2 St\u00fcck Flipper Buttons gelb<\/p>\n<p>2 St\u00fcck Flipper Button Mutter<\/p>\n<p>2 St\u00fcck Leafe-Switch<\/p>\n","protected":false},"excerpt":{"rendered":"<p class=\"card-text\">Flipper Button Set mit Leafe-Switch bestehend aus: 2 St\u00fcck Flipper Buttons gelb 2 St\u00fcck Flipper Button Mutter 2 St\u00fcck Leafe-Switch [&#8230;]<\/p>\n<p class=\"m-0\"><a class=\"btn btn-outline-secondary btn-read-more\" href=\"https:\/\/www.vpin-shop.com\/home\/vpinshop\/cabinet-zubehoer\/taster\/flipper-button-mit-leafswitch-gelb\/\">Read More<\/a><\/p>\n","protected":false},"featured_media":4104,"comment_status":"open","ping_status":"closed","template":"","meta":[],"product_brand":[],"product_cat":[31,24],"product_tag":[],"class_list":{"0":"post-2418","1":"product","2":"type-product","3":"status-publish","4":"has-post-thumbnail","6":"product_cat-taster","7":"product_cat-toys","8":"product_shipping_class-kleiner-2kg","10":"first","11":"outofstock","12":"taxable","13":"shipping-taxable","14":"purchasable","15":"product-type-simple"},"_links":{"self":[{"href":"https:\/\/www.vpin-shop.com\/home\/wp-json\/wp\/v2\/product\/2418","targetHints":{"allow":["GET"]}}],"collection":[{"href":"https:\/\/www.vpin-shop.com\/home\/wp-json\/wp\/v2\/product"}],"about":[{"href":"https:\/\/www.vpin-shop.com\/home\/wp-json\/wp\/v2\/types\/product"}],"replies":[{"embeddable":true,"href":"https:\/\/www.vpin-shop.com\/home\/wp-json\/wp\/v2\/comments?post=2418"}],"wp:featuredmedia":[{"embeddable":true,"href":"https:\/\/www.vpin-shop.com\/home\/wp-json\/wp\/v2\/media\/4104"}],"wp:attachment":[{"href":"https:\/\/www.vpin-shop.com\/home\/wp-json\/wp\/v2\/media?parent=2418"}],"wp:term":[{"taxonomy":"product_brand","embeddable":true,"href":"https:\/\/www.vpin-shop.com\/home\/wp-json\/wp\/v2\/product_brand?post=2418"},{"taxonomy":"product_cat","embeddable":true,"href":"https:\/\/www.vpin-shop.com\/home\/wp-json\/wp\/v2\/product_cat?post=2418"},{"taxonomy":"product_tag","embeddable":true,"href":"https:\/\/www.vpin-shop.com\/home\/wp-json\/wp\/v2\/product_tag?post=2418"}],"curies":[{"name":"wp","href":"https:\/\/api.w.org\/{rel}","templated":true}]}}