{"id":2400,"date":"2017-08-17T14:06:54","date_gmt":"2017-08-17T14:06:54","guid":{"rendered":"http:\/\/vpin-shop.com\/?post_type=product&#038;p=2400"},"modified":"2023-10-22T09:00:03","modified_gmt":"2023-10-22T09:00:03","slug":"pinin1","status":"publish","type":"product","link":"https:\/\/www.vpin-shop.com\/home\/vpinshop\/toys\/controller\/pinin1\/","title":{"rendered":"PinIn1"},"content":{"rendered":"<p>Steuerungsplatine zum Anschlu\u00df von<\/p>\n<p>&#8211; bis zu 20 digitalen Eing\u00e4ngen<\/p>\n<p>&#8211; Analogeingang f\u00fcr den Plunger<\/p>\n<p>&#8211; integrierter Beschleunigungssensor f\u00fcr analoge Tilt-Funktionalit\u00e4t<\/p>\n<div><\/div>\n<p>inkl. USB Kabel 1,8m,\u00a0Platinenf\u00fc\u00dfe und deutscher Bedienungsanleitung<\/p>\n<p>Donwload VPIN-shop Driver CD:<\/p>\n<p><a href=\"https:\/\/www.dropbox.com\/scl\/fi\/yylh12vzf0d7pc00rlwvr\/VPIN-shop-Driver-CD.zip?rlkey=26tdz2u8odws4q14cdqizj93m&amp;dl=0\">hier<\/a><\/p>\n","protected":false},"excerpt":{"rendered":"<p class=\"card-text\">Steuerungsplatine zum Anschlu\u00df von &#8211; bis zu 20 digitalen Eing\u00e4ngen &#8211; Analogeingang f\u00fcr den Plunger &#8211; integrierter Beschleunigungssensor f\u00fcr analoge Tilt-Funktionalit\u00e4t inkl. USB Kabel 1,8m,\u00a0Platinenf\u00fc\u00dfe und deutscher Bedienungsanleitung Donwload VPIN-shop Driver CD: hier [&#8230;]<\/p>\n<p class=\"m-0\"><a class=\"btn btn-outline-secondary btn-read-more\" href=\"https:\/\/www.vpin-shop.com\/home\/vpinshop\/toys\/controller\/pinin1\/\">Read More<\/a><\/p>\n","protected":false},"featured_media":3999,"comment_status":"open","ping_status":"closed","template":"","meta":[],"product_brand":[],"product_cat":[30],"product_tag":[],"class_list":{"0":"post-2400","1":"product","2":"type-product","3":"status-publish","4":"has-post-thumbnail","6":"product_cat-controller","7":"product_shipping_class-kleiner-2kg","9":"first","10":"outofstock","11":"taxable","12":"shipping-taxable","13":"purchasable","14":"product-type-simple"},"_links":{"self":[{"href":"https:\/\/www.vpin-shop.com\/home\/wp-json\/wp\/v2\/product\/2400","targetHints":{"allow":["GET"]}}],"collection":[{"href":"https:\/\/www.vpin-shop.com\/home\/wp-json\/wp\/v2\/product"}],"about":[{"href":"https:\/\/www.vpin-shop.com\/home\/wp-json\/wp\/v2\/types\/product"}],"replies":[{"embeddable":true,"href":"https:\/\/www.vpin-shop.com\/home\/wp-json\/wp\/v2\/comments?post=2400"}],"wp:featuredmedia":[{"embeddable":true,"href":"https:\/\/www.vpin-shop.com\/home\/wp-json\/wp\/v2\/media\/3999"}],"wp:attachment":[{"href":"https:\/\/www.vpin-shop.com\/home\/wp-json\/wp\/v2\/media?parent=2400"}],"wp:term":[{"taxonomy":"product_brand","embeddable":true,"href":"https:\/\/www.vpin-shop.com\/home\/wp-json\/wp\/v2\/product_brand?post=2400"},{"taxonomy":"product_cat","embeddable":true,"href":"https:\/\/www.vpin-shop.com\/home\/wp-json\/wp\/v2\/product_cat?post=2400"},{"taxonomy":"product_tag","embeddable":true,"href":"https:\/\/www.vpin-shop.com\/home\/wp-json\/wp\/v2\/product_tag?post=2400"}],"curies":[{"name":"wp","href":"https:\/\/api.w.org\/{rel}","templated":true}]}}