{"id":2377,"date":"2017-08-17T13:42:23","date_gmt":"2017-08-17T13:42:23","guid":{"rendered":"http:\/\/vpin-shop.com\/?post_type=product&#038;p=2377"},"modified":"2025-06-05T15:06:01","modified_gmt":"2025-06-05T15:06:01","slug":"dual-h-bridge","status":"publish","type":"product","link":"https:\/\/www.vpin-shop.com\/home\/vpinshop\/toys\/controller\/dual-h-bridge\/","title":{"rendered":"Dual H-Bridge"},"content":{"rendered":"<p>Dual-H-Bridge zur Ansteuerung eines Shaker Motors<\/p>\n<p>Einfach IN1 an das LEDWiz &#8220;Sondersteuerkabel&#8221; von Kanal12 anschlie\u00dfen, Spannungsversorgung (+12V,+5V, GND) anschlie\u00dfen und an OUT1 (gegen GND) den Shaker Motor anschlie\u00dfen.<\/p>\n<p>&nbsp;<\/p>\n<p><span style=\"color: #ff0000;\"><strong>ACHTUNG: Die Dual H-Bridge ist nur ausgelegt auf einen Ausgangsstrom von 2A!!<\/strong><\/span><\/p>\n","protected":false},"excerpt":{"rendered":"<p class=\"card-text\">Dual-H-Bridge zur Ansteuerung des Shaker Motors [&#8230;]<\/p>\n<p class=\"m-0\"><a class=\"btn btn-outline-secondary btn-read-more\" href=\"https:\/\/www.vpin-shop.com\/home\/vpinshop\/toys\/controller\/dual-h-bridge\/\">Read More<\/a><\/p>\n","protected":false},"featured_media":2652,"comment_status":"open","ping_status":"closed","template":"","meta":[],"product_brand":[],"product_cat":[30],"product_tag":[],"class_list":{"0":"post-2377","1":"product","2":"type-product","3":"status-publish","4":"has-post-thumbnail","6":"product_cat-controller","7":"product_shipping_class-kleiner-2kg","9":"first","10":"instock","11":"taxable","12":"shipping-taxable","13":"purchasable","14":"product-type-simple"},"_links":{"self":[{"href":"https:\/\/www.vpin-shop.com\/home\/wp-json\/wp\/v2\/product\/2377","targetHints":{"allow":["GET"]}}],"collection":[{"href":"https:\/\/www.vpin-shop.com\/home\/wp-json\/wp\/v2\/product"}],"about":[{"href":"https:\/\/www.vpin-shop.com\/home\/wp-json\/wp\/v2\/types\/product"}],"replies":[{"embeddable":true,"href":"https:\/\/www.vpin-shop.com\/home\/wp-json\/wp\/v2\/comments?post=2377"}],"wp:featuredmedia":[{"embeddable":true,"href":"https:\/\/www.vpin-shop.com\/home\/wp-json\/wp\/v2\/media\/2652"}],"wp:attachment":[{"href":"https:\/\/www.vpin-shop.com\/home\/wp-json\/wp\/v2\/media?parent=2377"}],"wp:term":[{"taxonomy":"product_brand","embeddable":true,"href":"https:\/\/www.vpin-shop.com\/home\/wp-json\/wp\/v2\/product_brand?post=2377"},{"taxonomy":"product_cat","embeddable":true,"href":"https:\/\/www.vpin-shop.com\/home\/wp-json\/wp\/v2\/product_cat?post=2377"},{"taxonomy":"product_tag","embeddable":true,"href":"https:\/\/www.vpin-shop.com\/home\/wp-json\/wp\/v2\/product_tag?post=2377"}],"curies":[{"name":"wp","href":"https:\/\/api.w.org\/{rel}","templated":true}]}}