{"id":2356,"date":"2017-08-16T20:19:37","date_gmt":"2017-08-16T20:19:37","guid":{"rendered":"http:\/\/vpin-shop.com\/?post_type=product&#038;p=2356"},"modified":"2026-03-02T19:30:55","modified_gmt":"2026-03-02T19:30:55","slug":"arcade-taster-weiss-transparent","status":"publish","type":"product","link":"https:\/\/www.vpin-shop.com\/home\/vpinshop\/cabinet-zubehoer\/taster\/arcade-taster-weiss-transparent\/","title":{"rendered":"Arcade Taster wei\u00df transparent"},"content":{"rendered":"<p>Transparenter Pushbutton<\/p>\n<p>mit leicht konvexer Druckfl\u00e4che.<\/p>\n<p>Der Taster erreicht eine H\u00f6he von ca. 3 mm \u00fcber dem Controlpanel.<\/p>\n<p>Als Lichtquelle dient eine 10mm LED, betrieben mit 12 V.<\/p>\n<p>Gesamtl\u00e4nge: 66 mm,<\/p>\n<p>Einbaudurchmesser: 30 mm,<\/p>\n<p>Einbautiefe: 61 mm,<\/p>\n<p>Breite der Anschl\u00fcsse: 4,8 mm und 6,3 mm.<\/p>\n<p>Enthalten sind: Button &amp; Mikroschalter.<\/p>\n<p>Bitte passende LED seperat bestellen.<\/p>\n","protected":false},"excerpt":{"rendered":"<p class=\"card-text\">Transparenter Pushbutton mit leicht konvexer Druckfl\u00e4che. Der Taster erreicht eine H\u00f6he von ca. 3 mm \u00fcber dem Controlpanel. Als Lichtquelle dient eine 10mm LED, betrieben mit 12 V. Gesamtl\u00e4nge: 66 mm, Einbaudurchmesser: 30 mm, Einbautiefe: 61 mm, Breite der Anschl\u00fcsse: 4,8 mm und 6,3 mm. Enthalten sind: Button &amp; Mikroschalter. Bitte passende LED seperat bestellen. [&#8230;]<\/p>\n<p class=\"m-0\"><a class=\"btn btn-outline-secondary btn-read-more\" href=\"https:\/\/www.vpin-shop.com\/home\/vpinshop\/cabinet-zubehoer\/taster\/arcade-taster-weiss-transparent\/\">Read More<\/a><\/p>\n","protected":false},"featured_media":4145,"comment_status":"open","ping_status":"closed","template":"","meta":[],"product_brand":[],"product_cat":[31,24],"product_tag":[],"class_list":{"0":"post-2356","1":"product","2":"type-product","3":"status-publish","4":"has-post-thumbnail","6":"product_cat-taster","7":"product_cat-toys","8":"product_shipping_class-kleiner-2kg","10":"first","11":"outofstock","12":"taxable","13":"shipping-taxable","14":"purchasable","15":"product-type-simple"},"_links":{"self":[{"href":"https:\/\/www.vpin-shop.com\/home\/wp-json\/wp\/v2\/product\/2356","targetHints":{"allow":["GET"]}}],"collection":[{"href":"https:\/\/www.vpin-shop.com\/home\/wp-json\/wp\/v2\/product"}],"about":[{"href":"https:\/\/www.vpin-shop.com\/home\/wp-json\/wp\/v2\/types\/product"}],"replies":[{"embeddable":true,"href":"https:\/\/www.vpin-shop.com\/home\/wp-json\/wp\/v2\/comments?post=2356"}],"wp:featuredmedia":[{"embeddable":true,"href":"https:\/\/www.vpin-shop.com\/home\/wp-json\/wp\/v2\/media\/4145"}],"wp:attachment":[{"href":"https:\/\/www.vpin-shop.com\/home\/wp-json\/wp\/v2\/media?parent=2356"}],"wp:term":[{"taxonomy":"product_brand","embeddable":true,"href":"https:\/\/www.vpin-shop.com\/home\/wp-json\/wp\/v2\/product_brand?post=2356"},{"taxonomy":"product_cat","embeddable":true,"href":"https:\/\/www.vpin-shop.com\/home\/wp-json\/wp\/v2\/product_cat?post=2356"},{"taxonomy":"product_tag","embeddable":true,"href":"https:\/\/www.vpin-shop.com\/home\/wp-json\/wp\/v2\/product_tag?post=2356"}],"curies":[{"name":"wp","href":"https:\/\/api.w.org\/{rel}","templated":true}]}}