{"id":2343,"date":"2017-08-16T20:12:55","date_gmt":"2017-08-16T20:12:55","guid":{"rendered":"http:\/\/vpin-shop.com\/?post_type=product&#038;p=2343"},"modified":"2025-03-09T19:58:10","modified_gmt":"2025-03-09T19:58:10","slug":"kuehlkoerper-fuer-rgb-led","status":"publish","type":"product","link":"https:\/\/www.vpin-shop.com\/home\/vpinshop\/toys\/leds\/kuehlkoerper-fuer-rgb-led\/","title":{"rendered":"K\u00fchlk\u00f6rper f\u00fcr RGB LED"},"content":{"rendered":"<p><strong>K\u00fchlk\u00f6rper f\u00fcr RGB Star LED<\/strong><\/p>\n<p><b>Technische Daten:\u00a0<\/b><br \/>\nFarbe: Schwarz \u00b7<\/p>\n<p>K\u00fchlk\u00f6rper-Typ (Kategorie): K\u00fchlk\u00f6rper \u00b7<\/p>\n<p>Material-Eigenschaft: eloxiert \u00b7<\/p>\n<p>Produktabmessung, Breite: 35 mm \u00b7<\/p>\n<p>Produktabmessung, H\u00f6he: 14 mm \u00b7<\/p>\n<p>Produktabmessung, L\u00e4nge: 35 mm \u00b7<\/p>\n<p>RoHS-konform: Ja \u00b7<\/p>\n<p>Typ (Hersteller-Typ): ICK PGA 14 X 14 X 14 \u00b7<\/p>\n<p>Weitere technische Daten: Montage: Mit doppelseitiger, selbstklebender W\u00e4rmeleitfolie \u00b7<\/p>\n<p>W\u00e4rmewiderstand R(th): 9.6 K\/W<\/p>\n<p>&nbsp;<\/p>\n","protected":false},"excerpt":{"rendered":"<p class=\"card-text\">K\u00fchlk\u00f6rper f\u00fcr RGB Star LED Technische Daten:\u00a0 Farbe: Schwarz \u00b7 K\u00fchlk\u00f6rper-Typ (Kategorie): K\u00fchlk\u00f6rper \u00b7 Material-Eigenschaft: eloxiert \u00b7 Produktabmessung, Breite: 35 mm \u00b7 Produktabmessung, H\u00f6he: 14 mm \u00b7 Produktabmessung, L\u00e4nge: 35 mm \u00b7 RoHS-konform: Ja \u00b7 Typ (Hersteller-Typ): ICK PGA 14 X 14 X 14 \u00b7 Weitere technische Daten: Montage: Mit doppelseitiger, selbstklebender W\u00e4rmeleitfolie \u00b7 W\u00e4rmewiderstand [&#8230;]<\/p>\n<p class=\"m-0\"><a class=\"btn btn-outline-secondary btn-read-more\" href=\"https:\/\/www.vpin-shop.com\/home\/vpinshop\/toys\/leds\/kuehlkoerper-fuer-rgb-led\/\">Read More<\/a><\/p>\n","protected":false},"featured_media":4018,"comment_status":"open","ping_status":"closed","template":"","meta":[],"product_brand":[],"product_cat":[34,24],"product_tag":[],"class_list":{"0":"post-2343","1":"product","2":"type-product","3":"status-publish","4":"has-post-thumbnail","6":"product_cat-leds","7":"product_cat-toys","8":"product_shipping_class-kleiner-2kg","10":"first","11":"instock","12":"taxable","13":"shipping-taxable","14":"purchasable","15":"product-type-simple"},"_links":{"self":[{"href":"https:\/\/www.vpin-shop.com\/home\/wp-json\/wp\/v2\/product\/2343","targetHints":{"allow":["GET"]}}],"collection":[{"href":"https:\/\/www.vpin-shop.com\/home\/wp-json\/wp\/v2\/product"}],"about":[{"href":"https:\/\/www.vpin-shop.com\/home\/wp-json\/wp\/v2\/types\/product"}],"replies":[{"embeddable":true,"href":"https:\/\/www.vpin-shop.com\/home\/wp-json\/wp\/v2\/comments?post=2343"}],"wp:featuredmedia":[{"embeddable":true,"href":"https:\/\/www.vpin-shop.com\/home\/wp-json\/wp\/v2\/media\/4018"}],"wp:attachment":[{"href":"https:\/\/www.vpin-shop.com\/home\/wp-json\/wp\/v2\/media?parent=2343"}],"wp:term":[{"taxonomy":"product_brand","embeddable":true,"href":"https:\/\/www.vpin-shop.com\/home\/wp-json\/wp\/v2\/product_brand?post=2343"},{"taxonomy":"product_cat","embeddable":true,"href":"https:\/\/www.vpin-shop.com\/home\/wp-json\/wp\/v2\/product_cat?post=2343"},{"taxonomy":"product_tag","embeddable":true,"href":"https:\/\/www.vpin-shop.com\/home\/wp-json\/wp\/v2\/product_tag?post=2343"}],"curies":[{"name":"wp","href":"https:\/\/api.w.org\/{rel}","templated":true}]}}