{"id":2305,"date":"2017-08-16T19:49:01","date_gmt":"2017-08-16T19:49:01","guid":{"rendered":"http:\/\/vpin-shop.com\/?post_type=product&#038;p=2305"},"modified":"2026-03-02T19:30:56","modified_gmt":"2026-03-02T19:30:56","slug":"coindoor-williams-2-slots","status":"publish","type":"product","link":"https:\/\/www.vpin-shop.com\/home\/vpinshop\/cabinet-zubehoer\/metalparts\/coindoor-williams-2-slots\/","title":{"rendered":"Coindoor Williams 2 Slots"},"content":{"rendered":"<p>Williams Coindoor mit 2 Slots<\/p>\n<p>Im Lieferumfang entahlten:<\/p>\n<p>&#8211; M\u00fcnzt\u00fcre komplett mit Steckersatz<\/p>\n<p>&#8211; M\u00fcnzt\u00fcrschloss mit Schl\u00fcssel<\/p>\n<p>&#8211; Tiltpendel M\u00fcnzt\u00fcre<\/p>\n<p>&#8211; Service Switch<\/p>\n<p>&#8211; 4 M\u00fcnzt\u00fcrschrauben und Muttern<\/p>\n<p>ohne M\u00fcnzpr\u00fcfer !!<\/p>\n","protected":false},"excerpt":{"rendered":"<p class=\"card-text\">Williams Coindoor mit 2 Slots [&#8230;]<\/p>\n<p class=\"m-0\"><a class=\"btn btn-outline-secondary btn-read-more\" href=\"https:\/\/www.vpin-shop.com\/home\/vpinshop\/cabinet-zubehoer\/metalparts\/coindoor-williams-2-slots\/\">Read More<\/a><\/p>\n","protected":false},"featured_media":3841,"comment_status":"open","ping_status":"closed","template":"","meta":[],"product_brand":[],"product_cat":[23,27],"product_tag":[],"class_list":{"0":"post-2305","1":"product","2":"type-product","3":"status-publish","4":"has-post-thumbnail","6":"product_cat-cabinet-zubehoer","7":"product_cat-metalparts","8":"product_shipping_class-ab-2kg","10":"first","11":"outofstock","12":"taxable","13":"shipping-taxable","14":"purchasable","15":"product-type-simple"},"_links":{"self":[{"href":"https:\/\/www.vpin-shop.com\/home\/wp-json\/wp\/v2\/product\/2305","targetHints":{"allow":["GET"]}}],"collection":[{"href":"https:\/\/www.vpin-shop.com\/home\/wp-json\/wp\/v2\/product"}],"about":[{"href":"https:\/\/www.vpin-shop.com\/home\/wp-json\/wp\/v2\/types\/product"}],"replies":[{"embeddable":true,"href":"https:\/\/www.vpin-shop.com\/home\/wp-json\/wp\/v2\/comments?post=2305"}],"wp:featuredmedia":[{"embeddable":true,"href":"https:\/\/www.vpin-shop.com\/home\/wp-json\/wp\/v2\/media\/3841"}],"wp:attachment":[{"href":"https:\/\/www.vpin-shop.com\/home\/wp-json\/wp\/v2\/media?parent=2305"}],"wp:term":[{"taxonomy":"product_brand","embeddable":true,"href":"https:\/\/www.vpin-shop.com\/home\/wp-json\/wp\/v2\/product_brand?post=2305"},{"taxonomy":"product_cat","embeddable":true,"href":"https:\/\/www.vpin-shop.com\/home\/wp-json\/wp\/v2\/product_cat?post=2305"},{"taxonomy":"product_tag","embeddable":true,"href":"https:\/\/www.vpin-shop.com\/home\/wp-json\/wp\/v2\/product_tag?post=2305"}],"curies":[{"name":"wp","href":"https:\/\/api.w.org\/{rel}","templated":true}]}}