{"id":2293,"date":"2017-08-16T19:40:56","date_gmt":"2017-08-16T19:40:56","guid":{"rendered":"http:\/\/vpin-shop.com\/?post_type=product&#038;p=2293"},"modified":"2026-03-02T19:30:54","modified_gmt":"2026-03-02T19:30:54","slug":"widebody-cabinet-zuschnitt","status":"publish","type":"product","link":"https:\/\/www.vpin-shop.com\/home\/vpinshop\/cabinet-zubehoer\/holzbausatz\/widebody-cabinet-zuschnitt\/","title":{"rendered":"Widebody Cabinet Zuschnitt"},"content":{"rendered":"<p><strong>Cabinet als\u00a0<u>Holzzuschnitt<\/u>\u00a0Ma\u00dfe Williams (gilt f\u00fcr Cabinet, Backbox Sonderma\u00df!)<\/strong><\/p>\n<p>Holzart: MDF 19mm, 16mm, 10mm<\/p>\n<p>Abh\u00e4ngig der einzelnen Teile<\/p>\n<p>Vorbereitet f\u00fcr folgende Einbauten:<\/p>\n<p><u>-Cabinet:<\/u><\/p>\n<p>Front: Williams Coindoor; Plunger; Launch Button; Start Button; 2 weitere Buttons<\/p>\n<p>Seiten: Flipper Button (mit Leafe Switch)<\/p>\n<p>R\u00fcck: 1\u00a0L\u00fcfter 140mm<\/p>\n<p>Boden: Coin Button;\u00a0PC On Button; Power Switch; 230V Buchse; L\u00fcfter 200mm; Lautsprecher 150mm<\/p>\n<p><u>&#8211; Backbox:<\/u><\/p>\n<p>Front: DMD Blende<\/p>\n<p>R\u00fcckseite: 5 L\u00fcftungsl\u00f6cher<\/p>\n<p>Der Zuschnitt wird aus schwarzem MDF gefertigt. Ein lackieren ist nicht notwendig. Die sichtbaren Teile<\/p>\n<p>einfach mit Holz\u00f6l (Au\u00dfenbereich) behandeln. Dadurch verf\u00e4rbt sich das Holz dunkel.<\/p>\n<p><del><strong>Bei Bestellung bitte Selbstabholung w\u00e4hlen. Die Versandkosten werden nach Bestellung bei einer\u00a0<\/strong><strong>Spedition separat angefragt und dann gesondert abgerechnet.<\/strong><\/del><\/p>\n<p><strong><span style=\"color: #ff0000;\">Aktuell NUR SELBSTABHOLUNG m\u00f6glich!<\/span><\/strong><\/p>\n","protected":false},"excerpt":{"rendered":"<p class=\"card-text\"><strong>Cabinet als\u00a0<u>Holzzuschnitt<\/u>\u00a0Ma\u00dfe Williams (gilt f\u00fcr Cabinet, Backbox Sonderma\u00df!)<\/strong> [&#8230;]<\/p>\n<p class=\"m-0\"><a class=\"btn btn-outline-secondary btn-read-more\" href=\"https:\/\/www.vpin-shop.com\/home\/vpinshop\/cabinet-zubehoer\/holzbausatz\/widebody-cabinet-zuschnitt\/\">Read More<\/a><\/p>\n","protected":false},"featured_media":4129,"comment_status":"open","ping_status":"closed","template":"","meta":[],"product_brand":[],"product_cat":[23,26],"product_tag":[],"class_list":{"0":"post-2293","1":"product","2":"type-product","3":"status-publish","4":"has-post-thumbnail","6":"product_cat-cabinet-zubehoer","7":"product_cat-holzbausatz","9":"first","10":"instock","11":"taxable","12":"shipping-taxable","13":"purchasable","14":"product-type-simple"},"_links":{"self":[{"href":"https:\/\/www.vpin-shop.com\/home\/wp-json\/wp\/v2\/product\/2293","targetHints":{"allow":["GET"]}}],"collection":[{"href":"https:\/\/www.vpin-shop.com\/home\/wp-json\/wp\/v2\/product"}],"about":[{"href":"https:\/\/www.vpin-shop.com\/home\/wp-json\/wp\/v2\/types\/product"}],"replies":[{"embeddable":true,"href":"https:\/\/www.vpin-shop.com\/home\/wp-json\/wp\/v2\/comments?post=2293"}],"wp:featuredmedia":[{"embeddable":true,"href":"https:\/\/www.vpin-shop.com\/home\/wp-json\/wp\/v2\/media\/4129"}],"wp:attachment":[{"href":"https:\/\/www.vpin-shop.com\/home\/wp-json\/wp\/v2\/media?parent=2293"}],"wp:term":[{"taxonomy":"product_brand","embeddable":true,"href":"https:\/\/www.vpin-shop.com\/home\/wp-json\/wp\/v2\/product_brand?post=2293"},{"taxonomy":"product_cat","embeddable":true,"href":"https:\/\/www.vpin-shop.com\/home\/wp-json\/wp\/v2\/product_cat?post=2293"},{"taxonomy":"product_tag","embeddable":true,"href":"https:\/\/www.vpin-shop.com\/home\/wp-json\/wp\/v2\/product_tag?post=2293"}],"curies":[{"name":"wp","href":"https:\/\/api.w.org\/{rel}","templated":true}]}}