{"id":3264,"date":"2018-12-17T18:41:14","date_gmt":"2018-12-17T18:41:14","guid":{"rendered":"https:\/\/vpin-shop.com\/?page_id=3264"},"modified":"2022-01-17T19:11:47","modified_gmt":"2022-01-17T19:11:47","slug":"how-to","status":"publish","type":"page","link":"https:\/\/www.vpin-shop.com\/home\/vpinshop\/how-to\/","title":{"rendered":"HOW TO"},"content":{"rendered":"<div class=\"wpb-content-wrapper\"><p>[vc_row][vc_column][vc_column_text]In diesem Bereich findet Ihr alles was Ihr ben\u00f6tigt, um meine Produkte betreiben zu k\u00f6nnen. Manuals, Shematas, Videos und die notwendigen Dateien.[\/vc_column_text][\/vc_column][\/vc_row][vc_row][vc_column][vc_wp_text]F\u00fcr die Installation von Visual Pinball kann ich Euch nur w\u00e4rmstens das bisher meist genutzte FAQ der Community w\u00e4rmstens empfehlen.<\/p>\n<p><a href=\"http:\/\/tinyurl.com\/faqger\" target=\"_blank\" rel=\"noopener noreferrer\">Visual Pinball Junkies FAQ<\/a><\/p>\n<p>Wer das ganze als Video Tutorial sehen m\u00f6chte&#8230;<\/p>\n<p><a href=\"https:\/\/www.youtube.com\/playlist?list=PLrc8WJBNs-JPVwKbxEPEu2YF7SYu_m4ec\" target=\"_blank\" rel=\"noopener noreferrer\">Bambi Plattfuss VPIN Install Anleitung<\/a><\/p>\n<p><a href=\"https:\/\/www.youtube.com\/watch?v=LaHEcbbmY2g&amp;index=3&amp;list=PLrc8WJBNs-JPVwKbxEPEu2YF7SYu_m4ec&amp;t=433s\" target=\"_blank\" rel=\"noopener noreferrer\">Bambi Plattfuss VPIN PinupSystem Installations Anleitung<\/a><\/p>\n<p>Haltet Euch bei der Installation exakt daran und Ihr werdet am Ende ein funktionierendes System haben.[\/vc_wp_text][\/vc_column][\/vc_row][vc_row][vc_column][\/vc_column][\/vc_row][vc_row][vc_column][vc_separator][\/vc_column][\/vc_row]<\/p>\n<\/div>","protected":false},"excerpt":{"rendered":"<p class=\"card-text\">[vc_row][vc_column][vc_column_text]In diesem Bereich findet Ihr alles was Ihr ben\u00f6tigt, um meine Produkte betreiben zu k\u00f6nnen. Manuals, Shematas, Videos und die notwendigen Dateien.[\/vc_column_text][\/vc_column][\/vc_row][vc_row][vc_column][vc_wp_text]F\u00fcr die Installation von Visual Pinball kann ich Euch nur w\u00e4rmstens das bisher meist genutzte FAQ der Community w\u00e4rmstens empfehlen. Visual Pinball Junkies FAQ Wer das ganze als Video Tutorial sehen m\u00f6chte&#8230; Bambi Plattfuss [&#8230;]<\/p>\n<p class=\"m-0\"><a class=\"btn btn-outline-secondary btn-read-more\" href=\"https:\/\/www.vpin-shop.com\/home\/vpinshop\/how-to\/\">Read More<\/a><\/p>\n","protected":false},"author":426,"featured_media":0,"parent":581,"menu_order":0,"comment_status":"closed","ping_status":"closed","template":"","meta":{"footnotes":""},"class_list":["post-3264","page","type-page","status-publish","hentry"],"_links":{"self":[{"href":"https:\/\/www.vpin-shop.com\/home\/wp-json\/wp\/v2\/pages\/3264","targetHints":{"allow":["GET"]}}],"collection":[{"href":"https:\/\/www.vpin-shop.com\/home\/wp-json\/wp\/v2\/pages"}],"about":[{"href":"https:\/\/www.vpin-shop.com\/home\/wp-json\/wp\/v2\/types\/page"}],"author":[{"embeddable":true,"href":"https:\/\/www.vpin-shop.com\/home\/wp-json\/wp\/v2\/users\/426"}],"replies":[{"embeddable":true,"href":"https:\/\/www.vpin-shop.com\/home\/wp-json\/wp\/v2\/comments?post=3264"}],"version-history":[{"count":7,"href":"https:\/\/www.vpin-shop.com\/home\/wp-json\/wp\/v2\/pages\/3264\/revisions"}],"predecessor-version":[{"id":4704,"href":"https:\/\/www.vpin-shop.com\/home\/wp-json\/wp\/v2\/pages\/3264\/revisions\/4704"}],"up":[{"embeddable":true,"href":"https:\/\/www.vpin-shop.com\/home\/wp-json\/wp\/v2\/pages\/581"}],"wp:attachment":[{"href":"https:\/\/www.vpin-shop.com\/home\/wp-json\/wp\/v2\/media?parent=3264"}],"curies":[{"name":"wp","href":"https:\/\/api.w.org\/{rel}","templated":true}]}}