{"id":2471,"date":"2017-08-28T11:14:49","date_gmt":"2017-08-28T11:14:49","guid":{"rendered":"http:\/\/vpin-shop.com\/?page_id=2471"},"modified":"2020-04-13T12:38:02","modified_gmt":"2020-04-13T12:38:02","slug":"versandbedingungen","status":"publish","type":"page","link":"https:\/\/www.vpin-shop.com\/home\/versandbedingungen\/","title":{"rendered":"Versandbedingungen"},"content":{"rendered":"<h1>Versandbedingungen<\/h1>\n<p>\u00a0<\/p>\n<div class=\"CategoryList\">\n<div class=\"CategoryText\">\n<p>Grunds\u00e4tzlich werden alle Pakete von <strong>www.VPIN-Shop.com<\/strong> versichert versendet. Wir versenden unsere Artikel in alle L\u00e4nder der Welt.<\/p>\n<p>Bei Bedarf kann jeder Kunde seine Bestellung \u00fcber die Sendungsnachverfolgung bei DHL ab Ausgang Versand nachverfolgen.<\/p>\n<p><a href=\"http:\/\/www.dhl.de\"><img loading=\"lazy\" decoding=\"async\" class=\"alignnone wp-image-3401 \" src=\"https:\/\/vpin-shop.com\/wp-content\/uploads\/2019\/02\/dhl-logo.jpg\" alt=\"\" width=\"114\" height=\"114\" srcset=\"https:\/\/www.vpin-shop.com\/wp-content\/uploads\/2019\/02\/dhl-logo.jpg 180w, https:\/\/www.vpin-shop.com\/wp-content\/uploads\/2019\/02\/dhl-logo-150x150.jpg 150w, https:\/\/www.vpin-shop.com\/wp-content\/uploads\/2019\/02\/dhl-logo-100x100.jpg 100w\" sizes=\"auto, (max-width: 114px) 100vw, 114px\" \/><\/a><\/p>\n<p><span style=\"font-size: inherit;\">Die Versandkosten <\/span><strong style=\"font-size: inherit;\">innerhalb Deutschlands<\/strong><span style=\"font-size: inherit;\"> sind nachfolgend aufgef\u00fchrt:<\/span><\/p>\n<p>Pakete kleiner 2kg\u00a0 \u00a0 \u00a0 \u00a0 \u00a0 \u00a0 \u00a0 \u00a0 \u00a0 \u00a0 \u00a0 \u00a06,49\u20ac zzgl. MwSt<\/p>\n<p>Pakete ab 2,01kg bis 5 kg\u00a0 \u00a0 \u00a0 \u00a0 \u00a0 \u00a07,49\u20ac zzgl. MwSt<\/p>\n<p>Pakete ab 5,01kg bis 10kg\u00a0 \u00a0 \u00a0 \u00a0 \u00a010,49\u20ac zzgl. MwSt<\/p>\n<p>Pakete ab 10,01kg bis 31,5kg\u00a0 \u00a0 18,49\u20ac zzgl. MwSt<\/p>\n<p>Gr\u00f6\u00dfere Pakete werden vor Versand neu bewertet und bepreist.<\/p>\n<p>Bei Bestellungen von kompletten Cabinets werden die Versandkosten tagesabh\u00e4ngig<\/p>\n<p>bei Versand in Rechnung gestellt.<\/p>\n<\/div>\n<\/div>\n\n\n<p><\/p>\n","protected":false},"excerpt":{"rendered":"<p class=\"card-text\">Versandbedingungen \u00a0 Grunds\u00e4tzlich werden alle Pakete von www.VPIN-Shop.com versichert versendet. Wir versenden unsere Artikel in alle L\u00e4nder der Welt. Bei Bedarf kann jeder Kunde seine Bestellung \u00fcber die Sendungsnachverfolgung bei DHL ab Ausgang Versand nachverfolgen. Die Versandkosten innerhalb Deutschlands sind nachfolgend aufgef\u00fchrt: Pakete kleiner 2kg\u00a0 \u00a0 \u00a0 \u00a0 \u00a0 \u00a0 \u00a0 \u00a0 \u00a0 \u00a0 \u00a0 [&#8230;]<\/p>\n<p class=\"m-0\"><a class=\"btn btn-outline-secondary btn-read-more\" href=\"https:\/\/www.vpin-shop.com\/home\/versandbedingungen\/\">Read More<\/a><\/p>\n","protected":false},"author":1,"featured_media":0,"parent":0,"menu_order":0,"comment_status":"closed","ping_status":"closed","template":"","meta":{"footnotes":""},"class_list":["post-2471","page","type-page","status-publish","hentry"],"_links":{"self":[{"href":"https:\/\/www.vpin-shop.com\/home\/wp-json\/wp\/v2\/pages\/2471","targetHints":{"allow":["GET"]}}],"collection":[{"href":"https:\/\/www.vpin-shop.com\/home\/wp-json\/wp\/v2\/pages"}],"about":[{"href":"https:\/\/www.vpin-shop.com\/home\/wp-json\/wp\/v2\/types\/page"}],"author":[{"embeddable":true,"href":"https:\/\/www.vpin-shop.com\/home\/wp-json\/wp\/v2\/users\/1"}],"replies":[{"embeddable":true,"href":"https:\/\/www.vpin-shop.com\/home\/wp-json\/wp\/v2\/comments?post=2471"}],"version-history":[{"count":5,"href":"https:\/\/www.vpin-shop.com\/home\/wp-json\/wp\/v2\/pages\/2471\/revisions"}],"predecessor-version":[{"id":4158,"href":"https:\/\/www.vpin-shop.com\/home\/wp-json\/wp\/v2\/pages\/2471\/revisions\/4158"}],"wp:attachment":[{"href":"https:\/\/www.vpin-shop.com\/home\/wp-json\/wp\/v2\/media?parent=2471"}],"curies":[{"name":"wp","href":"https:\/\/api.w.org\/{rel}","templated":true}]}}